{"id":10,"date":"2023-04-11T10:38:07","date_gmt":"2023-04-11T10:38:07","guid":{"rendered":"http:\/\/193.194.89.177\/lbpo_wp\/?page_id=10"},"modified":"2023-07-11T13:19:46","modified_gmt":"2023-07-11T13:19:46","slug":"equipes-de-recherche","status":"publish","type":"page","link":"https:\/\/lbpo.usthb.dz\/index.php\/equipes-de-recherche\/","title":{"rendered":"Equipes de recherche"},"content":{"rendered":"\n<p><a href=\"http:\/\/193.194.89.177\/lbpo_wp\/index.php\/physiologie-vegetale\/\">Physiologie V\u00e9g\u00e9tale<\/a><\/p>\n\n\n\n<p><a href=\"http:\/\/193.194.89.177\/lbpo_wp\/index.php\/biosystematique-genetique-et-evolution-bge\/\">Biosyst\u00e9matique, G\u00e9n\u00e9tique et Evolution<\/a><\/p>\n\n\n\n<p><a href=\"http:\/\/193.194.89.177\/lbpo_wp\/index.php\/biologie-des-sols\/\">Biologie des Sols<\/a><\/p>\n\n\n\n<p><a href=\"http:\/\/193.194.89.177\/lbpo_wp\/index.php\/nutrition-et-metabolisme\/\">Nutrition et M\u00e9tabolisme<\/a><\/p>\n\n\n\n<p><a href=\"http:\/\/193.194.89.177\/lbpo_wp\/index.php\/physiologie-et-physiopathologie-cellulaire-et-moleculaire\/\">Physiologie et Physiopathologie Cellulaire et Mol\u00e9culaire <\/a><\/p>\n\n\n\n<p><a href=\"http:\/\/193.194.89.177\/lbpo_wp\/index.php\/bioenergetique-et-metabolisme-intermediaire-bmi\/\">Bio\u00e9nerg\u00e9tique et M\u00e9tabolisme Interm\u00e9diaire<\/a><\/p>\n\n\n\n<p><a href=\"http:\/\/193.194.89.177\/lbpo_wp\/index.php\/endocrinologie\/\">Endocrinologie<\/a><\/p>\n\n\n\n<p><a href=\"http:\/\/193.194.89.177\/lbpo_wp\/index.php\/neurochimie\/\">Neurochimie<\/a><\/p>\n\n\n\n<p><a href=\"http:\/\/193.194.89.177\/lbpo_wp\/index.php\/neurobiologie\/\">Neurobiologie<\/a><\/p>\n\n\n\n<p><a href=\"http:\/\/193.194.89.177\/lbpo_wp\/index.php\/neurosciences-comportementales-et-cognitives\/\">Neurosciences Comportementales et Cognitives<\/a><\/p>\n\n\n\n<p><\/p>\n\n\n\n<p><\/p>\n","protected":false},"excerpt":{"rendered":"<p>Physiologie V\u00e9g\u00e9tale Biosyst\u00e9matique, G\u00e9n\u00e9tique et Evolution Biologie des Sols Nutrition et M\u00e9tabolisme Physiologie et Physiopathologie Cellulaire et Mol\u00e9culaire Bio\u00e9nerg\u00e9tique et M\u00e9tabolisme Interm\u00e9diaire Endocrinologie Neurochimie Neurobiologie Neurosciences Comportementales et Cognitives<\/p>\n","protected":false},"author":1,"featured_media":0,"parent":0,"menu_order":0,"comment_status":"closed","ping_status":"closed","template":"","meta":[],"_links":{"self":[{"href":"https:\/\/lbpo.usthb.dz\/index.php\/wp-json\/wp\/v2\/pages\/10"}],"collection":[{"href":"https:\/\/lbpo.usthb.dz\/index.php\/wp-json\/wp\/v2\/pages"}],"about":[{"href":"https:\/\/lbpo.usthb.dz\/index.php\/wp-json\/wp\/v2\/types\/page"}],"author":[{"embeddable":true,"href":"https:\/\/lbpo.usthb.dz\/index.php\/wp-json\/wp\/v2\/users\/1"}],"replies":[{"embeddable":true,"href":"https:\/\/lbpo.usthb.dz\/index.php\/wp-json\/wp\/v2\/comments?post=10"}],"version-history":[{"count":16,"href":"https:\/\/lbpo.usthb.dz\/index.php\/wp-json\/wp\/v2\/pages\/10\/revisions"}],"predecessor-version":[{"id":271,"href":"https:\/\/lbpo.usthb.dz\/index.php\/wp-json\/wp\/v2\/pages\/10\/revisions\/271"}],"wp:attachment":[{"href":"https:\/\/lbpo.usthb.dz\/index.php\/wp-json\/wp\/v2\/media?parent=10"}],"curies":[{"name":"wp","href":"https:\/\/api.w.org\/{rel}","templated":true}]}}