{"id":102,"date":"2023-07-09T10:32:17","date_gmt":"2023-07-09T10:32:17","guid":{"rendered":"http:\/\/193.194.89.177\/lbpo_wp\/?page_id=102"},"modified":"2023-07-12T10:46:53","modified_gmt":"2023-07-12T10:46:53","slug":"physiologie-vegetale","status":"publish","type":"page","link":"https:\/\/lbpo.usthb.dz\/index.php\/physiologie-vegetale\/","title":{"rendered":"Physiologie V\u00e9g\u00e9tale"},"content":{"rendered":"\n<p><strong>Chef d\u2019\u00e9quipe<\/strong>&nbsp;:&nbsp;ABROUS-BELBACHIR Ouzna, Professeur<\/p>\n\n\n\n<div class=\"is-vertical is-layout-flex wp-container-2 wp-block-group\">\n<p><strong>Th\u00e8mes de recherche<\/strong><\/p>\n\n\n\n<p>Dans cette \u00e9quipe deux th\u00e8mes sont \u00e9tudi\u00e9s<\/p>\n\n\n\n<div class=\"is-vertical is-layout-flex wp-container-1 wp-block-group\">\n<ul>\n<li> Etudes des r\u00e9ponses m\u00e9taboliques des plantes \u00e0 diff\u00e9rents stress (d\u00e9ficit hydrique, stress temp\u00e9rature et salin, pesticides, m\u00e9taux lourds, hydrocarbures).<\/li>\n\n\n\n<li> Etude des m\u00e9canismes de phytor\u00e9m\u00e9diation<\/li>\n<\/ul>\n\n\n\n<p><strong>Th\u00e8mes d\u2019applications&nbsp;<\/strong><\/p>\n\n\n\n<p><strong> <\/strong>Environnement, Agriculture.<\/p>\n\n\n\n<p><\/p>\n<\/div>\n<\/div>\n\n\n\n<h2>Composante de l\u2019\u00e9quipe<\/h2>\n\n\n\n<div class=\"is-vertical is-layout-flex wp-container-3 wp-block-group\">\n<p><strong>Membres permanents<\/strong><\/p>\n\n\n\n<p>DJEBBAR Reda<\/p>\n\n\n\n<p>BOUCELHA Lilya<\/p>\n\n\n\n<p>BENAISSA Asma<\/p>\n\n\n\n<p>BOULAHIA Karima<\/p>\n\n\n\n<p>BELLOUT Yacine<\/p>\n\n\n\n<p>KHELIF Leila<\/p>\n\n\n\n<p>BAHAR Salima<\/p>\n\n\n\n<p>CHERCHALI Amina<\/p>\n\n\n\n<p>BENLAHRECH Samia<\/p>\n\n\n\n<p>BOURAHLA Maissa<\/p>\n\n\n\n<p>RABHI Sadjia<\/p>\n\n\n\n<p>OSMANE Sihem<\/p>\n\n\n\n<p>BELAID Faiza<\/p>\n\n\n\n<p>ZEGAOUI Zahia<\/p>\n\n\n\n<p>MANAA Imene<\/p>\n\n\n\n<p>DRAI Lila<\/p>\n\n\n\n<p><strong>Doctorants<\/strong><\/p>\n\n\n\n<p>BOUCHEMLAL DRIF Assia<\/p>\n\n\n\n<p>BARRIS Selma<\/p>\n\n\n\n<p>SLIMANI Karima<\/p>\n\n\n\n<p>BEGGAH Soumia<\/p>\n\n\n\n<p>CHAKER Sana<\/p>\n\n\n\n<p>GUERIDI Sabrina<\/p>\n\n\n\n<p>MANAA Khadidja<\/p>\n\n\n\n<p><strong>ATS&nbsp;<\/strong><\/p>\n\n\n\n<p>BOUKHALFA Nesrine Fatma Zohra<\/p>\n<\/div>\n\n\n\n<p><\/p>\n\n\n\n<p><\/p>\n\n\n\n<p><\/p>\n\n\n\n<p><strong><a href=\"http:\/\/193.194.89.177\/lbpo_wp\/index.php\/2023\/07\/12\/projets-de-recherche-internationaux-5\/\">Projets de recherche internationaux<\/a><\/strong><\/p>\n\n\n\n<p><strong><a href=\"http:\/\/193.194.89.177\/lbpo_wp\/index.php\/2023\/07\/12\/projets-de-recherche-nationaux-8\/\">Projets de recherche nationaux<\/a><\/strong><\/p>\n\n\n\n<p><strong><a href=\"http:\/\/193.194.89.177\/lbpo_wp\/index.php\/2023\/07\/12\/publications-internationales-9\/\">Publications internationales<\/a><\/strong><\/p>\n\n\n\n<p><strong><a href=\"http:\/\/193.194.89.177\/lbpo_wp\/index.php\/2023\/07\/12\/publications-nationales-6\/\">Publications nationales<\/a><\/strong><\/p>\n\n\n\n<p><strong>Communications internationales<\/strong><\/p>\n\n\n\n<p><strong>Communications nationales<\/strong><\/p>\n\n\n\n<p><strong><a href=\"http:\/\/193.194.89.177\/lbpo_wp\/index.php\/2023\/07\/12\/doctorats-8\/\">Doctorats<\/a><\/strong><\/p>\n\n\n\n<p><strong>Magisters<\/strong><\/p>\n\n\n\n<p><strong><a href=\"http:\/\/193.194.89.177\/lbpo_wp\/index.php\/2023\/07\/12\/masters-8\/\">Masters<\/a><\/strong><\/p>\n","protected":false},"excerpt":{"rendered":"<p>Chef d\u2019\u00e9quipe&nbsp;:&nbsp;ABROUS-BELBACHIR Ouzna, Professeur Th\u00e8mes de recherche Dans cette \u00e9quipe deux th\u00e8mes sont \u00e9tudi\u00e9s Th\u00e8mes d\u2019applications&nbsp; Environnement, Agriculture. Composante de l\u2019\u00e9quipe Membres permanents DJEBBAR Reda BOUCELHA Lilya BENAISSA Asma BOULAHIA Karima BELLOUT Yacine KHELIF Leila BAHAR Salima CHERCHALI Amina BENLAHRECH <span class=\"readmore\"><a href=\"https:\/\/lbpo.usthb.dz\/index.php\/physiologie-vegetale\/\">Continue Reading<\/a><\/span><\/p>\n","protected":false},"author":1,"featured_media":0,"parent":0,"menu_order":0,"comment_status":"closed","ping_status":"closed","template":"","meta":[],"_links":{"self":[{"href":"https:\/\/lbpo.usthb.dz\/index.php\/wp-json\/wp\/v2\/pages\/102"}],"collection":[{"href":"https:\/\/lbpo.usthb.dz\/index.php\/wp-json\/wp\/v2\/pages"}],"about":[{"href":"https:\/\/lbpo.usthb.dz\/index.php\/wp-json\/wp\/v2\/types\/page"}],"author":[{"embeddable":true,"href":"https:\/\/lbpo.usthb.dz\/index.php\/wp-json\/wp\/v2\/users\/1"}],"replies":[{"embeddable":true,"href":"https:\/\/lbpo.usthb.dz\/index.php\/wp-json\/wp\/v2\/comments?post=102"}],"version-history":[{"count":6,"href":"https:\/\/lbpo.usthb.dz\/index.php\/wp-json\/wp\/v2\/pages\/102\/revisions"}],"predecessor-version":[{"id":367,"href":"https:\/\/lbpo.usthb.dz\/index.php\/wp-json\/wp\/v2\/pages\/102\/revisions\/367"}],"wp:attachment":[{"href":"https:\/\/lbpo.usthb.dz\/index.php\/wp-json\/wp\/v2\/media?parent=102"}],"curies":[{"name":"wp","href":"https:\/\/api.w.org\/{rel}","templated":true}]}}