{"id":224,"date":"2023-07-11T08:43:20","date_gmt":"2023-07-11T08:43:20","guid":{"rendered":"http:\/\/193.194.89.177\/lbpo_wp\/?page_id=224"},"modified":"2023-07-13T19:04:17","modified_gmt":"2023-07-13T19:04:17","slug":"physiologie-et-physiopathologie-cellulaire-et-moleculaire","status":"publish","type":"page","link":"https:\/\/lbpo.usthb.dz\/index.php\/physiologie-et-physiopathologie-cellulaire-et-moleculaire\/","title":{"rendered":"Physiologie et Physiopathologie Cellulaire et Mol\u00e9culaire"},"content":{"rendered":"\n<p><strong>Chef d\u2019\u00e9quipe&nbsp;:&nbsp;<\/strong>AOUICHAT BOUGUERRA Souhila, Professeur <\/p>\n\n\n\n<h3>Th\u00e8mes de recherche<\/h3>\n\n\n\n<div class=\"is-vertical is-layout-flex wp-container-1 wp-block-group\">\n<p>Etude physiopathologique des facteurs de risque des complications cardiovasculaires (diab\u00e8te, hyperlipid\u00e9mie, hypothyro\u00efdie, tabagisme) et du cancer par l\u2019analyse de m\u00e9canismes cellulaires et mol\u00e9culaires impliqu\u00e9s en particulier la dysr\u00e9gulation m\u00e9tabolique, l\u2019inflammation, le stress oxydant, la prolif\u00e9ration, la mort cellulaire ainsi que l\u2019angiogen\u00e8se.<\/p>\n\n\n\n<p><strong>Th\u00e8mes d\u2019applications&nbsp;<\/strong><\/p>\n\n\n\n<p><strong>&nbsp;<\/strong>Etude de l\u2019influence de certains compos\u00e9s bioactifs notamment les extraits de pomme, de Brassica rapa, de Globularia alipum, du th\u00e9 vert, de la feuille de l&#8217;olivier sauvage, de Salonestoma argel, les extraits totaux et les extraits d&#8217;alcalo\u00efdes de Berb\u00e9ris hispanica, les extraits purs de quercetine et de vitamine C ainsi que des mol\u00e9cules de synth\u00e8se comme la pioglytazone (hypolip\u00e9miant) pour tenter de corriger les dysr\u00e9gulations m\u00e9taboliques et cellulaires des pathologies \u00e9tudi\u00e9es<strong>.<\/strong><\/p>\n<\/div>\n\n\n\n<p><\/p>\n\n\n\n<h2>Composante de l&#8217;\u00e9quipe<\/h2>\n\n\n\n<div class=\"is-vertical is-layout-flex wp-container-3 wp-block-group\">\n<div class=\"is-vertical is-layout-flex wp-container-2 wp-block-group\">\n<p><strong>Membres permanents<\/strong><br>HAMLAT Nadjiba, MCA<br>SAHRAOUI Hamid, MCA (Univ Khemis Miliana)<br>BERDJA Sihem, MCA<br>NEGGAZI Samia, MCB<br>BOUMAZA Saliha, MCB<br>SMAIL Lila, MCB<br>HAROUN Nac\u00e9ra, MCB (Univ Boumerdes)<br>BENSIAMEUR Karima, MCB<br>AOUICHAT Samira, Docteur<br>A\u00cfDA Im\u00e8ne, Docteur<br>OTSMANE Amina, Docteur<br>LOUNICI Am\u00e9lia, Docteur<br>REZKALLAH Nabila, MAA (Univ Boumerdes)<br>BOUDJLIDA Amina, Docteur<br><strong>Doctorants<\/strong><br>KACI Sofiane, Doctorant<br>BOUSSA Katia, Doctorante<br>REGUOUAT Kenza, Doctorante<br>BELARBI Inssaf, Doctorante<br>HEMILA Khouloud, Doctorante<br>FISSAH Rime, Doctorante<br>DJENAS Lilia, Doctorante<br>KHEFFACHE N. Ourida, Doctorant<br>MERZOUGA Sara, Doctorante<br>HAMOULI Feriel, Doctorante<br><strong>ATS<\/strong><br>AMALOU Asma, Ing\u00e9nieure<\/p>\n<\/div>\n<\/div>\n\n\n\n<p><\/p>\n\n\n\n<p><\/p>\n\n\n\n<p><\/p>\n\n\n\n<p><\/p>\n\n\n\n<p>Projets de recherche internationaux<\/p>\n\n\n\n<p><a href=\"http:\/\/193.194.89.177\/lbpo_wp\/index.php\/2023\/07\/13\/projets-de-recherche-nationaux-9\/\">Projets de recherche nationaux<\/a><\/p>\n\n\n\n<p><a href=\"http:\/\/193.194.89.177\/lbpo_wp\/index.php\/2023\/07\/13\/publications-internationales-10\/\">Publications internationales<\/a><\/p>\n\n\n\n<p><a href=\"http:\/\/193.194.89.177\/lbpo_wp\/index.php\/2023\/07\/13\/publications-nationales-7\/\">Publications nationales<\/a><\/p>\n\n\n\n<p><a href=\"http:\/\/193.194.89.177\/lbpo_wp\/index.php\/2023\/07\/13\/communications-internationales\/\">Communications internationales<\/a><\/p>\n\n\n\n<p>Communications nationales<\/p>\n\n\n\n<p><a href=\"http:\/\/193.194.89.177\/lbpo_wp\/index.php\/2023\/07\/13\/doctorats-9\/\">Doctorats<\/a><\/p>\n\n\n\n<p><a href=\"http:\/\/193.194.89.177\/lbpo_wp\/index.php\/2023\/07\/13\/magisters-2\/\">Magisters<\/a><\/p>\n\n\n\n<p><a href=\"http:\/\/193.194.89.177\/lbpo_wp\/index.php\/2023\/07\/13\/masters-9\/\">Masters<\/a><\/p>\n","protected":false},"excerpt":{"rendered":"<p>Chef d\u2019\u00e9quipe&nbsp;:&nbsp;AOUICHAT BOUGUERRA Souhila, Professeur Th\u00e8mes de recherche Etude physiopathologique des facteurs de risque des complications cardiovasculaires (diab\u00e8te, hyperlipid\u00e9mie, hypothyro\u00efdie, tabagisme) et du cancer par l\u2019analyse de m\u00e9canismes cellulaires et mol\u00e9culaires impliqu\u00e9s en particulier la dysr\u00e9gulation m\u00e9tabolique, l\u2019inflammation, le stress <span class=\"readmore\"><a href=\"https:\/\/lbpo.usthb.dz\/index.php\/physiologie-et-physiopathologie-cellulaire-et-moleculaire\/\">Continue Reading<\/a><\/span><\/p>\n","protected":false},"author":1,"featured_media":0,"parent":0,"menu_order":0,"comment_status":"closed","ping_status":"closed","template":"","meta":[],"_links":{"self":[{"href":"https:\/\/lbpo.usthb.dz\/index.php\/wp-json\/wp\/v2\/pages\/224"}],"collection":[{"href":"https:\/\/lbpo.usthb.dz\/index.php\/wp-json\/wp\/v2\/pages"}],"about":[{"href":"https:\/\/lbpo.usthb.dz\/index.php\/wp-json\/wp\/v2\/types\/page"}],"author":[{"embeddable":true,"href":"https:\/\/lbpo.usthb.dz\/index.php\/wp-json\/wp\/v2\/users\/1"}],"replies":[{"embeddable":true,"href":"https:\/\/lbpo.usthb.dz\/index.php\/wp-json\/wp\/v2\/comments?post=224"}],"version-history":[{"count":16,"href":"https:\/\/lbpo.usthb.dz\/index.php\/wp-json\/wp\/v2\/pages\/224\/revisions"}],"predecessor-version":[{"id":442,"href":"https:\/\/lbpo.usthb.dz\/index.php\/wp-json\/wp\/v2\/pages\/224\/revisions\/442"}],"wp:attachment":[{"href":"https:\/\/lbpo.usthb.dz\/index.php\/wp-json\/wp\/v2\/media?parent=224"}],"curies":[{"name":"wp","href":"https:\/\/api.w.org\/{rel}","templated":true}]}}