{"id":55,"date":"2023-07-09T10:35:09","date_gmt":"2023-07-09T10:35:09","guid":{"rendered":"http:\/\/193.194.89.177\/lbpo_wp\/?page_id=55"},"modified":"2023-07-11T07:32:25","modified_gmt":"2023-07-11T07:32:25","slug":"biosystematique-genetique-et-evolution-bge","status":"publish","type":"page","link":"https:\/\/lbpo.usthb.dz\/index.php\/biosystematique-genetique-et-evolution-bge\/","title":{"rendered":"Biosyst\u00e9matique, G\u00e9n\u00e9tique et Evolution (BGE)"},"content":{"rendered":"\n<p><\/p>\n\n\n\n<p><strong>Chef d\u2019\u00e9quipe&nbsp;: <\/strong>KHEDIM Thinhinan, MCA<\/p>\n\n\n\n<div class=\"is-vertical is-layout-flex wp-container-4 wp-block-group\">\n<h3>Th\u00e8mes de recherche<\/h3>\n\n\n\n<div class=\"is-vertical is-layout-flex wp-container-3 wp-block-group\">\n<div class=\"is-vertical is-content-justification-left is-layout-flex wp-container-2 wp-block-group\">\n<div class=\"is-vertical is-layout-flex wp-container-1 wp-block-group\">\n<ul>\n<li>Etudes syst\u00e9matiques, g\u00e9n\u00e9tiques et \u00e9volutives d\u2019esp\u00e8ces spontan\u00e9es&nbsp;; \u00e9valuation des ressources phytog\u00e9n\u00e9tiques.<\/li>\n\n\n\n<li>Etudes des syst\u00e8mes g\u00e9n\u00e9tiques de la reproduction et des flux de g\u00e8nes<\/li>\n\n\n\n<li>Dynamique et \u00e9volution des populations dans leur milieu naturel.<\/li>\n<\/ul>\n<\/div>\n<\/div>\n<\/div>\n\n\n\n<p><strong>Th\u00e8mes d\u2019applications<\/strong>&nbsp;<\/p>\n\n\n\n<ul>\n<li>Mise \u00e0 jour taxonomique et nomenclaturale de la flore, biodiversit\u00e9, conservation.<\/li>\n<\/ul>\n<\/div>\n\n\n\n<p><\/p>\n\n\n\n<div class=\"is-vertical is-layout-flex wp-container-6 wp-block-group\">\n<div class=\"is-vertical is-layout-flex wp-container-5 wp-block-group\">\n<h3>Composante de l&#8217;\u00e9quipe<\/h3>\n\n\n\n<p><\/p>\n\n\n\n<p><strong>Membres permanents<\/strong> <\/p>\n<\/div>\n\n\n\n<p>AISSAT Assia, MCB. <\/p>\n\n\n\n<p>AISSIOU Fella, MCB. <\/p>\n\n\n\n<p>HADJ-ARAB Houria, MCB. <\/p>\n\n\n\n<p>TRABSI Smain, MAA.<\/p>\n\n\n\n<p><strong>Membres chercheurs associ\u00e9s<\/strong><\/p>\n\n\n\n<p><span style=\"font-size: revert;\">OURARI Malika, MCA.<\/span><\/p>\n\n\n\n<p>AZIZI Nadjet, MCB.<span style=\"font-size: revert;\"> <\/span><\/p>\n\n\n\n<p><span style=\"font-size: revert;\">BOUBETRA Kenza, MRB. <\/span> <\/p>\n\n\n\n<p><strong>Doctorants<\/strong><\/p>\n\n\n\n<p>ABDELLI Soraya. <\/p>\n\n\n\n<p>BELHADJ Lamia. <\/p>\n\n\n\n<p>BOUSSALEM Imene. <\/p>\n\n\n\n<p>LAOUIREM Nora. <\/p>\n\n\n\n<p>MERAHI Sofia. <\/p>\n\n\n\n<p>ZAKKOUMI Hana.<\/p>\n\n\n\n<p><strong>ATS<\/strong><\/p>\n\n\n\n<p>BOUNEGHAR Wahiba, Ing\u00e9nieure.<\/p>\n<\/div>\n\n\n\n<p><\/p>\n\n\n\n<p><\/p>\n\n\n\n<h3><a href=\"http:\/\/193.194.89.177\/lbpo_wp\/index.php\/2023\/07\/10\/projets-de-recherche-internationaux\/\">Projets de recherche internationaux<\/a><\/h3>\n\n\n\n<h3><a href=\"http:\/\/193.194.89.177\/lbpo_wp\/index.php\/2023\/07\/10\/projets-de-recherche-nationaux\/\">Projets de recherche nationaux<\/a><\/h3>\n\n\n\n<h3><a href=\"http:\/\/193.194.89.177\/lbpo_wp\/index.php\/2023\/07\/10\/publications-internationales\/\">Publications internationales<\/a><\/h3>\n\n\n\n<h3>Publications nationales<\/h3>\n\n\n\n<h3>Communications internationales<\/h3>\n\n\n\n<h3>Communications nationales<\/h3>\n\n\n\n<h3><a href=\"http:\/\/193.194.89.177\/lbpo_wp\/index.php\/2023\/07\/10\/habilitations-universitaires-soutenues\/\">Habilitations universitaires<\/a><\/h3>\n\n\n\n<h3><a href=\"http:\/\/193.194.89.177\/lbpo_wp\/index.php\/2023\/07\/10\/doctorats-soutenus\/\">Doctorats<\/a><\/h3>\n\n\n\n<h3><a href=\"http:\/\/193.194.89.177\/lbpo_wp\/index.php\/2023\/07\/10\/magister-soutenus\/\">Magisters<\/a><\/h3>\n\n\n\n<h3>Masters <\/h3>\n","protected":false},"excerpt":{"rendered":"<p>Chef d\u2019\u00e9quipe&nbsp;: KHEDIM Thinhinan, MCA Th\u00e8mes de recherche Th\u00e8mes d\u2019applications&nbsp; Composante de l&#8217;\u00e9quipe Membres permanents AISSAT Assia, MCB. AISSIOU Fella, MCB. HADJ-ARAB Houria, MCB. TRABSI Smain, MAA. Membres chercheurs associ\u00e9s OURARI Malika, MCA. AZIZI Nadjet, MCB. BOUBETRA Kenza, MRB. Doctorants <span class=\"readmore\"><a href=\"https:\/\/lbpo.usthb.dz\/index.php\/biosystematique-genetique-et-evolution-bge\/\">Continue Reading<\/a><\/span><\/p>\n","protected":false},"author":1,"featured_media":0,"parent":0,"menu_order":0,"comment_status":"closed","ping_status":"closed","template":"","meta":[],"_links":{"self":[{"href":"https:\/\/lbpo.usthb.dz\/index.php\/wp-json\/wp\/v2\/pages\/55"}],"collection":[{"href":"https:\/\/lbpo.usthb.dz\/index.php\/wp-json\/wp\/v2\/pages"}],"about":[{"href":"https:\/\/lbpo.usthb.dz\/index.php\/wp-json\/wp\/v2\/types\/page"}],"author":[{"embeddable":true,"href":"https:\/\/lbpo.usthb.dz\/index.php\/wp-json\/wp\/v2\/users\/1"}],"replies":[{"embeddable":true,"href":"https:\/\/lbpo.usthb.dz\/index.php\/wp-json\/wp\/v2\/comments?post=55"}],"version-history":[{"count":18,"href":"https:\/\/lbpo.usthb.dz\/index.php\/wp-json\/wp\/v2\/pages\/55\/revisions"}],"predecessor-version":[{"id":196,"href":"https:\/\/lbpo.usthb.dz\/index.php\/wp-json\/wp\/v2\/pages\/55\/revisions\/196"}],"wp:attachment":[{"href":"https:\/\/lbpo.usthb.dz\/index.php\/wp-json\/wp\/v2\/media?parent=55"}],"curies":[{"name":"wp","href":"https:\/\/api.w.org\/{rel}","templated":true}]}}