{"id":59,"date":"2023-07-09T11:03:36","date_gmt":"2023-07-09T11:03:36","guid":{"rendered":"http:\/\/193.194.89.177\/lbpo_wp\/?page_id=59"},"modified":"2023-07-11T11:32:54","modified_gmt":"2023-07-11T11:32:54","slug":"biologie-des-sols","status":"publish","type":"page","link":"https:\/\/lbpo.usthb.dz\/index.php\/biologie-des-sols\/","title":{"rendered":"Biologie des Sols"},"content":{"rendered":"\n<p><strong>Chef d&#8217;\u00e9quipe<\/strong> : BAHA Nassima<\/p>\n\n\n\n<h3>Th\u00e8mes de recherche<\/h3>\n\n\n\n<div class=\"is-vertical is-layout-flex wp-container-1 wp-block-group\">\n<p>Symbiose Rhizobia l\u00e9gumineuses<\/p>\n\n\n\n<p>Relations plantes bact\u00e9ries dans la rhizosph\u00e8re du bl\u00e9 dur<\/p>\n<\/div>\n\n\n\n<div class=\"is-vertical is-layout-flex wp-container-2 wp-block-group\">\n<p><strong>Th\u00e8mes d\u2019applications&nbsp;<\/strong><\/p>\n\n\n\n<p>Environnement, Agriculture, Industrie agroalimentaire<\/p>\n\n\n\n<p><\/p>\n\n\n\n<p><\/p>\n\n\n\n<h2><strong>Composante de l\u2019\u00e9quipe<\/strong><\/h2>\n<\/div>\n\n\n\n<div class=\"is-vertical is-layout-flex wp-container-3 wp-block-group\">\n<p><strong>Membres permanents<\/strong><\/p>\n\n\n\n<p>GUEMOURI Souad<\/p>\n\n\n\n<p>DJEBBARA Malika<\/p>\n\n\n\n<p>CHAKER Assia<\/p>\n\n\n\n<p>TAGUETT Farida<\/p>\n\n\n\n<p>SADJI Hamida<\/p>\n\n\n\n<p>SELMANI Zakia<\/p>\n\n\n\n<p>BOUHERAMA Amina<\/p>\n\n\n\n<p>DJOUADI Samir<\/p>\n\n\n\n<p>LEBIDA Fahima<\/p>\n\n\n\n<p>BELAID Kathia<\/p>\n\n\n\n<p>ISSAAD Samia<\/p>\n\n\n\n<p>AIT TAYEB Linda<\/p>\n\n\n\n<p>BOUKHELATA Nadia<\/p>\n\n\n\n<p><strong>Doctorants<\/strong><\/p>\n\n\n\n<p>BEHAIRI &nbsp;Sabrina<\/p>\n\n\n\n<p>BEKKAYE &nbsp;Massakib<\/p>\n\n\n\n<p>KARAALI &nbsp;Karima<\/p>\n\n\n\n<p>SMAIL &nbsp;Lynda<\/p>\n\n\n\n<p>NACER &nbsp;Asma<\/p>\n\n\n\n<p><strong>ATS<\/strong><\/p>\n\n\n\n<p>BESSAI &nbsp;Fad\u00e9la<\/p>\n<\/div>\n\n\n\n<p><\/p>\n\n\n\n<p><a href=\"http:\/\/193.194.89.177\/lbpo_wp\/index.php\/2023\/07\/11\/projets-de-recherche-internationaux-2\/\">Projets de recherche internationaux<\/a><\/p>\n\n\n\n<p><a href=\"http:\/\/193.194.89.177\/lbpo_wp\/index.php\/2023\/07\/11\/projets-de-recherche-nationaux-2\/\">Projets de recherche nationaux<\/a><\/p>\n\n\n\n<p><a href=\"http:\/\/193.194.89.177\/lbpo_wp\/index.php\/2023\/07\/11\/publications-internationales-2\/\">Publications internationales<\/a><\/p>\n\n\n\n<p><a href=\"http:\/\/193.194.89.177\/lbpo_wp\/index.php\/2023\/07\/11\/publications-nationales\/\">Publications nationales<\/a><\/p>\n\n\n\n<p>Communications internationales<\/p>\n\n\n\n<p>Communications nationales<\/p>\n\n\n\n<p><a href=\"http:\/\/193.194.89.177\/lbpo_wp\/index.php\/2023\/07\/11\/doctorats\/\">Doctorats<\/a><\/p>\n\n\n\n<p>Magisters<\/p>\n\n\n\n<p><a href=\"http:\/\/193.194.89.177\/lbpo_wp\/index.php\/2023\/07\/11\/masters\/\">Masters<\/a><\/p>\n","protected":false},"excerpt":{"rendered":"<p>Chef d&#8217;\u00e9quipe : BAHA Nassima Th\u00e8mes de recherche Symbiose Rhizobia l\u00e9gumineuses Relations plantes bact\u00e9ries dans la rhizosph\u00e8re du bl\u00e9 dur Th\u00e8mes d\u2019applications&nbsp; Environnement, Agriculture, Industrie agroalimentaire Composante de l\u2019\u00e9quipe Membres permanents GUEMOURI Souad DJEBBARA Malika CHAKER Assia TAGUETT Farida SADJI <span class=\"readmore\"><a href=\"https:\/\/lbpo.usthb.dz\/index.php\/biologie-des-sols\/\">Continue Reading<\/a><\/span><\/p>\n","protected":false},"author":1,"featured_media":0,"parent":0,"menu_order":0,"comment_status":"closed","ping_status":"closed","template":"","meta":[],"_links":{"self":[{"href":"https:\/\/lbpo.usthb.dz\/index.php\/wp-json\/wp\/v2\/pages\/59"}],"collection":[{"href":"https:\/\/lbpo.usthb.dz\/index.php\/wp-json\/wp\/v2\/pages"}],"about":[{"href":"https:\/\/lbpo.usthb.dz\/index.php\/wp-json\/wp\/v2\/types\/page"}],"author":[{"embeddable":true,"href":"https:\/\/lbpo.usthb.dz\/index.php\/wp-json\/wp\/v2\/users\/1"}],"replies":[{"embeddable":true,"href":"https:\/\/lbpo.usthb.dz\/index.php\/wp-json\/wp\/v2\/comments?post=59"}],"version-history":[{"count":5,"href":"https:\/\/lbpo.usthb.dz\/index.php\/wp-json\/wp\/v2\/pages\/59\/revisions"}],"predecessor-version":[{"id":250,"href":"https:\/\/lbpo.usthb.dz\/index.php\/wp-json\/wp\/v2\/pages\/59\/revisions\/250"}],"wp:attachment":[{"href":"https:\/\/lbpo.usthb.dz\/index.php\/wp-json\/wp\/v2\/media?parent=59"}],"curies":[{"name":"wp","href":"https:\/\/api.w.org\/{rel}","templated":true}]}}