{"id":64,"date":"2023-07-09T13:08:39","date_gmt":"2023-07-09T13:08:39","guid":{"rendered":"http:\/\/193.194.89.177\/lbpo_wp\/?page_id=64"},"modified":"2023-07-11T13:15:08","modified_gmt":"2023-07-11T13:15:08","slug":"bioenergetique-et-metabolisme-intermediaire-bmi","status":"publish","type":"page","link":"https:\/\/lbpo.usthb.dz\/index.php\/bioenergetique-et-metabolisme-intermediaire-bmi\/","title":{"rendered":"Bio\u00e9nerg\u00e9tique et M\u00e9tabolisme Interm\u00e9diaire (BMI)"},"content":{"rendered":"\n<p><strong>Chef d&#8217;\u00e9quipe:<\/strong> KOCEIR Elhadj-Ahmed, Professeur<\/p>\n\n\n\n<div class=\"is-vertical is-layout-flex wp-container-2 wp-block-group\">\n<h3>Th\u00e8mes de recherche<\/h3>\n\n\n\n<p><\/p>\n\n\n\n<div class=\"is-vertical is-layout-flex wp-container-1 wp-block-group\">\n<ul>\n<li>R\u00e9gulation de l\u2019\u00e9nerg\u00e9tique cellulaire (turn over et r\u00e9duction)<\/li>\n\n\n\n<li>R\u00e9gulations des m\u00e9tabolismes<\/li>\n\n\n\n<li>Effets des hormones, des nutriments et des x\u00e9nobiotiques sur les aspects de r\u00e9gulation de la balance \u00e9nerg\u00e9tique cellulaire<\/li>\n<\/ul>\n\n\n\n<p><strong>Th\u00e8mes d\u2019applications&nbsp;<\/strong><\/p>\n<\/div>\n\n\n\n<p>M\u00e9decine (diab\u00e8te, ob\u00e9sit\u00e9), Pharmacologie (essais th\u00e9rapeutiques), Nutrition di\u00e9t\u00e9tique<\/p>\n<\/div>\n\n\n\n<p><\/p>\n\n\n\n<h2>Composante de l&#8217;\u00e9quipe:<\/h2>\n\n\n\n<div class=\"is-vertical is-layout-flex wp-container-3 wp-block-group\">\n<p><strong>Membres permanents<\/strong><\/p>\n\n\n\n<p>BENMESSAOUD-MESSBAH Ouahiba, Professeur<\/p>\n\n\n\n<p>BOUAZZA Asma, MCA<\/p>\n\n\n\n<p>GOUAREF Ines, MCA<\/p>\n\n\n\n<p>SAIDI Hamza, MCB<\/p>\n\n\n\n<p>TABANI Khadidja, MCB<\/p>\n\n\n\n<p>TAHAR Amina, MCB<\/p>\n\n\n\n<p>SAIAH Wassila, MCB<\/p>\n\n\n\n<p>MEBARKI-ATEK Ferie<\/p>\n\n\n\n<p><strong>Doctorants<\/strong><\/p>\n\n\n\n<p>BETTAYEB Hassina<\/p>\n\n\n\n<p>BENHEDOUGA Aya<\/p>\n\n\n\n<p>GUEMOURI Rayane<\/p>\n\n\n\n<p>MEZIANE Daniela<\/p>\n\n\n\n<p>MOULOUDI Cam\u00e9lia<\/p>\n\n\n\n<p>DEBBAH Meriem Ibtissem<\/p>\n\n\n\n<p>FRAOUNE Amel<\/p>\n\n\n\n<p>MADJI Sarah<\/p>\n\n\n\n<p>GUEZIL Asma<\/p>\n\n\n\n<p>BOUMEZRAG Khadidja<\/p>\n\n\n\n<p><strong>ATS&nbsp;:<\/strong><\/p>\n\n\n\n<p>AMALOU Asma<\/p>\n<\/div>\n\n\n\n<p><\/p>\n\n\n\n<p><a href=\"http:\/\/193.194.89.177\/lbpo_wp\/index.php\/2023\/07\/11\/projets-de-recherche-internationaux-3\/\">Projets de recherche internationaux<\/a><\/p>\n\n\n\n<p><a href=\"http:\/\/193.194.89.177\/lbpo_wp\/index.php\/2023\/07\/11\/projets-de-recherche-nationaux-3\/\">Projets de recherche nationaux<\/a><\/p>\n\n\n\n<p><a href=\"http:\/\/193.194.89.177\/lbpo_wp\/index.php\/2023\/07\/11\/publications-internationales-3\/\">Publications internationales<\/a><\/p>\n\n\n\n<p><a href=\"http:\/\/193.194.89.177\/lbpo_wp\/index.php\/2023\/07\/11\/publications-nationales-2\/\">Publications nationales<\/a><\/p>\n\n\n\n<p>Communications internationales<\/p>\n\n\n\n<p>Communications nationales<\/p>\n\n\n\n<p><a href=\"http:\/\/193.194.89.177\/lbpo_wp\/index.php\/2023\/07\/11\/doctorats-2\/\">Doctorats<\/a><\/p>\n\n\n\n<p><a href=\"http:\/\/193.194.89.177\/lbpo_wp\/index.php\/2023\/07\/11\/magisters\/\">Magisters<\/a><\/p>\n\n\n\n<p><a href=\"http:\/\/193.194.89.177\/lbpo_wp\/index.php\/2023\/07\/11\/masters-2\/\">Masters<\/a><\/p>\n","protected":false},"excerpt":{"rendered":"<p>Chef d&#8217;\u00e9quipe: KOCEIR Elhadj-Ahmed, Professeur Th\u00e8mes de recherche Th\u00e8mes d\u2019applications&nbsp; M\u00e9decine (diab\u00e8te, ob\u00e9sit\u00e9), Pharmacologie (essais th\u00e9rapeutiques), Nutrition di\u00e9t\u00e9tique Composante de l&#8217;\u00e9quipe: Membres permanents BENMESSAOUD-MESSBAH Ouahiba, Professeur BOUAZZA Asma, MCA GOUAREF Ines, MCA SAIDI Hamza, MCB TABANI Khadidja, MCB TAHAR Amina, <span class=\"readmore\"><a href=\"https:\/\/lbpo.usthb.dz\/index.php\/bioenergetique-et-metabolisme-intermediaire-bmi\/\">Continue Reading<\/a><\/span><\/p>\n","protected":false},"author":1,"featured_media":0,"parent":0,"menu_order":0,"comment_status":"closed","ping_status":"closed","template":"","meta":[],"_links":{"self":[{"href":"https:\/\/lbpo.usthb.dz\/index.php\/wp-json\/wp\/v2\/pages\/64"}],"collection":[{"href":"https:\/\/lbpo.usthb.dz\/index.php\/wp-json\/wp\/v2\/pages"}],"about":[{"href":"https:\/\/lbpo.usthb.dz\/index.php\/wp-json\/wp\/v2\/types\/page"}],"author":[{"embeddable":true,"href":"https:\/\/lbpo.usthb.dz\/index.php\/wp-json\/wp\/v2\/users\/1"}],"replies":[{"embeddable":true,"href":"https:\/\/lbpo.usthb.dz\/index.php\/wp-json\/wp\/v2\/comments?post=64"}],"version-history":[{"count":10,"href":"https:\/\/lbpo.usthb.dz\/index.php\/wp-json\/wp\/v2\/pages\/64\/revisions"}],"predecessor-version":[{"id":270,"href":"https:\/\/lbpo.usthb.dz\/index.php\/wp-json\/wp\/v2\/pages\/64\/revisions\/270"}],"wp:attachment":[{"href":"https:\/\/lbpo.usthb.dz\/index.php\/wp-json\/wp\/v2\/media?parent=64"}],"curies":[{"name":"wp","href":"https:\/\/api.w.org\/{rel}","templated":true}]}}