{"id":66,"date":"2023-07-09T13:32:01","date_gmt":"2023-07-09T13:32:01","guid":{"rendered":"http:\/\/193.194.89.177\/lbpo_wp\/?page_id=66"},"modified":"2023-07-13T22:25:53","modified_gmt":"2023-07-13T22:25:53","slug":"endocrinologie","status":"publish","type":"page","link":"https:\/\/lbpo.usthb.dz\/index.php\/endocrinologie\/","title":{"rendered":"Endocrinologie"},"content":{"rendered":"\n<p><strong>Chef d&#8217;\u00e9quipe<\/strong>: HAMOULI-SAID Zohra, Professeur<\/p>\n\n\n\n<div class=\"is-vertical is-layout-flex wp-container-1 wp-block-group\">\n<h3>Th\u00e8mes de recherche<\/h3>\n\n\n\n<p><\/p>\n\n\n\n<ul>\n<li>Interactions fonctionnelles hormonales chez le rat et le lapin<\/li>\n\n\n\n<li>Interactions fonctionnelles syst\u00e8me endocrinien &#8211; syst\u00e8me nerveux<\/li>\n\n\n\n<li>Facteurs alimentaires et production animale<\/li>\n<\/ul>\n\n\n\n<p><strong>Th\u00e8mes d\u2019applications&nbsp;<\/strong><\/p>\n\n\n\n<p><strong><em>&nbsp;<\/em><\/strong>M\u00e9decine (thyro\u00efde, surr\u00e9nale, fonction de reproduction), production animale<\/p>\n\n\n\n<p><\/p>\n\n\n\n<p><\/p>\n\n\n\n<h2>Composante de l&#8217;\u00e9quipe<\/h2>\n<\/div>\n\n\n\n<div class=\"is-vertical is-layout-flex wp-container-2 wp-block-group\">\n<p><strong>Membres permanents<\/strong><\/p>\n\n\n\n<p>SOLTANI Yacine, Professeur<\/p>\n\n\n\n<p>BOUHADAD-Kandsi Ferroudja, MCA<\/p>\n\n\n\n<p>KAMEL Assia, MCB<\/p>\n\n\n\n<p>REGOUAT Nadia, MCA<\/p>\n\n\n\n<p>CHEBOUB Amina, Docteur.<\/p>\n\n\n\n<p>GHOURI Imene<\/p>\n\n\n\n<p>OUDAHMANE Samira, MCB<\/p>\n\n\n\n<p>SADI-GUETTAF Hassiba<\/p>\n\n\n\n<p>MEHAOUDI\u00a0 Rym, Docteur.<\/p>\n\n\n\n<p>DJEDIAT Rebiha, MAA<\/p>\n\n\n\n<p>BOUKROUFA Mouna, MAA<\/p>\n\n\n\n<p>MORZOUGLAL Nawel, MAA<\/p>\n\n\n\n<p><strong>Doctorants<\/strong><\/p>\n\n\n\n<p>BOUCHEFA Hanane<\/p>\n\n\n\n<p>AIT SAI Thiziri<\/p>\n\n\n\n<p>SMIDA Wafa<\/p>\n\n\n\n<p>HARITI Meriem<\/p>\n\n\n\n<p>BERKANE Wafa Amel<\/p>\n\n\n\n<p>AMROUN Samira<\/p>\n\n\n\n<p>OUERDANE Fairouz<\/p>\n\n\n\n<p>REMINI Djida<\/p>\n\n\n\n<p>DJENDER Sofia<\/p>\n\n\n\n<p>BEGGA Asma<\/p>\n\n\n\n<p><strong>ATS<\/strong><\/p>\n\n\n\n<p>GHOZLANI Amel, Ing\u00e9nieure<\/p>\n<\/div>\n\n\n\n<p><\/p>\n\n\n\n<p>Projets de recherche internationaux<\/p>\n\n\n\n<p><a href=\"http:\/\/193.194.89.177\/lbpo_wp\/index.php\/2023\/07\/13\/projet-de-recherche-nationaux\/\">Projets de recherche nationaux<\/a><\/p>\n\n\n\n<p><a href=\"http:\/\/193.194.89.177\/lbpo_wp\/index.php\/2023\/07\/11\/publications-internationales-5\/\">Publications internationales<\/a><\/p>\n\n\n\n<p><a href=\"http:\/\/193.194.89.177\/lbpo_wp\/index.php\/2023\/07\/13\/publications-nationales-8\/\">Publications nationales<\/a><\/p>\n\n\n\n<p><a href=\"http:\/\/193.194.89.177\/lbpo_wp\/index.php\/2023\/07\/13\/communications-internationales-2\/\">Communications internationales<\/a><\/p>\n\n\n\n<p><a href=\"http:\/\/193.194.89.177\/lbpo_wp\/index.php\/2023\/07\/13\/communications-nationales\/\">Communications nationales<\/a><\/p>\n\n\n\n<p><a href=\"http:\/\/193.194.89.177\/lbpo_wp\/index.php\/2023\/07\/11\/doctorats-4\/\">Doctorats<\/a><\/p>\n\n\n\n<p><a href=\"http:\/\/193.194.89.177\/lbpo_wp\/index.php\/2023\/07\/13\/magisters-3\/\">Magisters<\/a><\/p>\n\n\n\n<p><a href=\"http:\/\/193.194.89.177\/lbpo_wp\/index.php\/2023\/07\/11\/masters-4\/\">Masters<\/a><\/p>\n","protected":false},"excerpt":{"rendered":"<p>Chef d&#8217;\u00e9quipe: HAMOULI-SAID Zohra, Professeur Th\u00e8mes de recherche Th\u00e8mes d\u2019applications&nbsp; &nbsp;M\u00e9decine (thyro\u00efde, surr\u00e9nale, fonction de reproduction), production animale Composante de l&#8217;\u00e9quipe Membres permanents SOLTANI Yacine, Professeur BOUHADAD-Kandsi Ferroudja, MCA KAMEL Assia, MCB REGOUAT Nadia, MCA CHEBOUB Amina, Docteur. GHOURI Imene <span class=\"readmore\"><a href=\"https:\/\/lbpo.usthb.dz\/index.php\/endocrinologie\/\">Continue Reading<\/a><\/span><\/p>\n","protected":false},"author":1,"featured_media":0,"parent":0,"menu_order":0,"comment_status":"closed","ping_status":"closed","template":"","meta":[],"_links":{"self":[{"href":"https:\/\/lbpo.usthb.dz\/index.php\/wp-json\/wp\/v2\/pages\/66"}],"collection":[{"href":"https:\/\/lbpo.usthb.dz\/index.php\/wp-json\/wp\/v2\/pages"}],"about":[{"href":"https:\/\/lbpo.usthb.dz\/index.php\/wp-json\/wp\/v2\/types\/page"}],"author":[{"embeddable":true,"href":"https:\/\/lbpo.usthb.dz\/index.php\/wp-json\/wp\/v2\/users\/1"}],"replies":[{"embeddable":true,"href":"https:\/\/lbpo.usthb.dz\/index.php\/wp-json\/wp\/v2\/comments?post=66"}],"version-history":[{"count":18,"href":"https:\/\/lbpo.usthb.dz\/index.php\/wp-json\/wp\/v2\/pages\/66\/revisions"}],"predecessor-version":[{"id":474,"href":"https:\/\/lbpo.usthb.dz\/index.php\/wp-json\/wp\/v2\/pages\/66\/revisions\/474"}],"wp:attachment":[{"href":"https:\/\/lbpo.usthb.dz\/index.php\/wp-json\/wp\/v2\/media?parent=66"}],"curies":[{"name":"wp","href":"https:\/\/api.w.org\/{rel}","templated":true}]}}